{"id":2791,"date":"2024-01-30T17:00:11","date_gmt":"2024-01-30T17:00:11","guid":{"rendered":"https:\/\/newdev9.accounted.ae\/product\/dependant-visa\/"},"modified":"2024-07-24T11:46:12","modified_gmt":"2024-07-24T11:46:12","slug":"visum-fuer-angehoerige","status":"publish","type":"product","link":"https:\/\/newdev9.accounted.ae\/de\/produkt\/visum-fuer-angehoerige\/","title":{"rendered":"Visum f\u00fcr Angeh\u00f6rige"},"content":{"rendered":"<p>Erleichterung des Verfahrens zur Erlangung abh\u00e4ngiger Visa. Wir k\u00fcmmern uns um den Papierkram und die Logistik und sorgen f\u00fcr einen reibungslosen Antragsprozess f\u00fcr Ihre Angeh\u00f6rigen. Vereinfachen Sie den Weg, Ihre Familie zusammenzuf\u00fchren.<\/p>\n","protected":false},"excerpt":{"rendered":"<p>Erleichterung des Verfahrens zur Erlangung abh\u00e4ngiger Visa. Wir k\u00fcmmern uns um den Papierkram und die Logistik und sorgen f\u00fcr einen reibungslosen Antragsprozess f\u00fcr Ihre Angeh\u00f6rigen. Vereinfachen Sie den Weg, Ihre Familie zusammenzuf\u00fchren.<\/p>\n","protected":false},"featured_media":2592,"template":"","meta":{"_acf_changed":false},"product_brand":[],"product_cat":[51],"product_tag":[],"class_list":{"0":"post-2791","1":"product","2":"type-product","3":"status-publish","4":"has-post-thumbnail","6":"product_cat-individuelles-produkt","8":"first","9":"instock","10":"virtual","11":"purchasable","12":"product-type-simple"},"bundled_by":[],"bundle_stock_status":"instock","bundle_stock_quantity":null,"bundle_virtual":false,"bundle_layout":"","bundle_add_to_cart_form_location":"","bundle_editable_in_cart":false,"bundle_sold_individually_context":"","bundle_item_grouping":"","bundle_min_size":"","bundle_max_size":"","bundle_price":[],"bundled_items":[],"bundle_sell_ids":[],"acf":[],"yoast_head":"<!-- This site is optimized with the Yoast SEO plugin v27.5 - https:\/\/yoast.com\/product\/yoast-seo-wordpress\/ -->\n<title>Sorgen Sie mit einem abh\u00e4ngigen Visum f\u00fcr die Sicherheit Ihrer Familie in Dubai<\/title>\n<meta name=\"description\" content=\"Unser Dependent Visa Service vereinfacht das Verfahren und macht es einfach und rechtskonform. Wir helfen Ihnen dabei, Ihre Lieben in Dubai n\u00e4her zu sich zu holen.\" \/>\n<meta name=\"robots\" content=\"noindex, follow, max-snippet:-1, max-image-preview:large, max-video-preview:-1\" \/>\n<meta property=\"og:locale\" content=\"de_DE\" \/>\n<meta property=\"og:type\" content=\"article\" \/>\n<meta property=\"og:title\" content=\"Sorgen Sie mit einem abh\u00e4ngigen Visum f\u00fcr die Sicherheit Ihrer Familie in Dubai\" \/>\n<meta property=\"og:description\" content=\"Unser Dependent Visa Service vereinfacht das Verfahren und macht es einfach und rechtskonform. Wir helfen Ihnen dabei, Ihre Lieben in Dubai n\u00e4her zu sich zu holen.\" \/>\n<meta property=\"og:url\" content=\"https:\/\/newdev9.accounted.ae\/de\/produkt\/visum-fuer-angehoerige\/\" \/>\n<meta property=\"og:site_name\" content=\"Accounted AE\" \/>\n<meta property=\"article:modified_time\" content=\"2024-07-24T11:46:12+00:00\" \/>\n<meta property=\"og:image\" content=\"https:\/\/newdev9.accounted.ae\/wp-content\/uploads\/2024\/01\/headway-5QgIuuBxKsvdwM-unsplash-1.webp\" \/>\n\t<meta property=\"og:image:width\" content=\"723\" \/>\n\t<meta property=\"og:image:height\" content=\"789\" \/>\n\t<meta property=\"og:image:type\" content=\"image\/webp\" \/>\n<meta name=\"twitter:card\" content=\"summary_large_image\" \/>\n<meta name=\"twitter:label1\" content=\"Gesch\u00e4tzte Lesezeit\" \/>\n\t<meta name=\"twitter:data1\" content=\"1\u00a0Minute\" \/>\n<script type=\"application\/ld+json\" class=\"yoast-schema-graph\">{\"@context\":\"https:\\\/\\\/schema.org\",\"@graph\":[{\"@type\":\"WebPage\",\"@id\":\"https:\\\/\\\/newdev9.accounted.ae\\\/de\\\/produkt\\\/visum-fuer-angehoerige\\\/\",\"url\":\"https:\\\/\\\/newdev9.accounted.ae\\\/de\\\/produkt\\\/visum-fuer-angehoerige\\\/\",\"name\":\"Sorgen Sie mit einem abh\u00e4ngigen Visum f\u00fcr die Sicherheit Ihrer Familie in Dubai\",\"isPartOf\":{\"@id\":\"https:\\\/\\\/newdev9.accounted.ae\\\/de\\\/#website\"},\"primaryImageOfPage\":{\"@id\":\"https:\\\/\\\/newdev9.accounted.ae\\\/de\\\/produkt\\\/visum-fuer-angehoerige\\\/#primaryimage\"},\"image\":{\"@id\":\"https:\\\/\\\/newdev9.accounted.ae\\\/de\\\/produkt\\\/visum-fuer-angehoerige\\\/#primaryimage\"},\"thumbnailUrl\":\"https:\\\/\\\/newdev9.accounted.ae\\\/wp-content\\\/uploads\\\/2024\\\/01\\\/headway-5QgIuuBxKsvdwM-unsplash-1.webp\",\"datePublished\":\"2024-01-30T17:00:11+00:00\",\"dateModified\":\"2024-07-24T11:46:12+00:00\",\"description\":\"Unser Dependent Visa Service vereinfacht das Verfahren und macht es einfach und rechtskonform. Wir helfen Ihnen dabei, Ihre Lieben in Dubai n\u00e4her zu sich zu holen.\",\"breadcrumb\":{\"@id\":\"https:\\\/\\\/newdev9.accounted.ae\\\/de\\\/produkt\\\/visum-fuer-angehoerige\\\/#breadcrumb\"},\"inLanguage\":\"de\",\"potentialAction\":[{\"@type\":\"ReadAction\",\"target\":[\"https:\\\/\\\/newdev9.accounted.ae\\\/de\\\/produkt\\\/visum-fuer-angehoerige\\\/\"]}]},{\"@type\":\"ImageObject\",\"inLanguage\":\"de\",\"@id\":\"https:\\\/\\\/newdev9.accounted.ae\\\/de\\\/produkt\\\/visum-fuer-angehoerige\\\/#primaryimage\",\"url\":\"https:\\\/\\\/newdev9.accounted.ae\\\/wp-content\\\/uploads\\\/2024\\\/01\\\/headway-5QgIuuBxKsvdwM-unsplash-1.webp\",\"contentUrl\":\"https:\\\/\\\/newdev9.accounted.ae\\\/wp-content\\\/uploads\\\/2024\\\/01\\\/headway-5QgIuuBxKsvdwM-unsplash-1.webp\",\"width\":723,\"height\":789,\"caption\":\"Visum f\u00fcr Angeh\u00f6rige\"},{\"@type\":\"BreadcrumbList\",\"@id\":\"https:\\\/\\\/newdev9.accounted.ae\\\/de\\\/produkt\\\/visum-fuer-angehoerige\\\/#breadcrumb\",\"itemListElement\":[{\"@type\":\"ListItem\",\"position\":1,\"name\":\"Home\",\"item\":\"https:\\\/\\\/newdev9.accounted.ae\\\/de\\\/\"},{\"@type\":\"ListItem\",\"position\":2,\"name\":\"Shop\",\"item\":\"https:\\\/\\\/newdev9.accounted.ae\\\/shop\\\/\"},{\"@type\":\"ListItem\",\"position\":3,\"name\":\"Visum f\u00fcr Angeh\u00f6rige\"}]},{\"@type\":\"WebSite\",\"@id\":\"https:\\\/\\\/newdev9.accounted.ae\\\/de\\\/#website\",\"url\":\"https:\\\/\\\/newdev9.accounted.ae\\\/de\\\/\",\"name\":\"Accounted AE\",\"description\":\"\",\"publisher\":{\"@id\":\"https:\\\/\\\/newdev9.accounted.ae\\\/de\\\/#organization\"},\"potentialAction\":[{\"@type\":\"SearchAction\",\"target\":{\"@type\":\"EntryPoint\",\"urlTemplate\":\"https:\\\/\\\/newdev9.accounted.ae\\\/de\\\/?s={search_term_string}\"},\"query-input\":{\"@type\":\"PropertyValueSpecification\",\"valueRequired\":true,\"valueName\":\"search_term_string\"}}],\"inLanguage\":\"de\"},{\"@type\":\"Organization\",\"@id\":\"https:\\\/\\\/newdev9.accounted.ae\\\/de\\\/#organization\",\"name\":\"Accounted AE\",\"url\":\"https:\\\/\\\/newdev9.accounted.ae\\\/de\\\/\",\"logo\":{\"@type\":\"ImageObject\",\"inLanguage\":\"de\",\"@id\":\"https:\\\/\\\/newdev9.accounted.ae\\\/de\\\/#\\\/schema\\\/logo\\\/image\\\/\",\"url\":\"https:\\\/\\\/newdev9.accounted.ae\\\/wp-content\\\/uploads\\\/2024\\\/02\\\/logo21.webp\",\"contentUrl\":\"https:\\\/\\\/newdev9.accounted.ae\\\/wp-content\\\/uploads\\\/2024\\\/02\\\/logo21.webp\",\"width\":225,\"height\":30,\"caption\":\"Accounted AE\"},\"image\":{\"@id\":\"https:\\\/\\\/newdev9.accounted.ae\\\/de\\\/#\\\/schema\\\/logo\\\/image\\\/\"}}]}<\/script>\n<!-- \/ Yoast SEO plugin. -->","yoast_head_json":{"title":"Sorgen Sie mit einem abh\u00e4ngigen Visum f\u00fcr die Sicherheit Ihrer Familie in Dubai","description":"Unser Dependent Visa Service vereinfacht das Verfahren und macht es einfach und rechtskonform. Wir helfen Ihnen dabei, Ihre Lieben in Dubai n\u00e4her zu sich zu holen.","robots":{"index":"noindex","follow":"follow","max-snippet":"max-snippet:-1","max-image-preview":"max-image-preview:large","max-video-preview":"max-video-preview:-1"},"og_locale":"de_DE","og_type":"article","og_title":"Sorgen Sie mit einem abh\u00e4ngigen Visum f\u00fcr die Sicherheit Ihrer Familie in Dubai","og_description":"Unser Dependent Visa Service vereinfacht das Verfahren und macht es einfach und rechtskonform. Wir helfen Ihnen dabei, Ihre Lieben in Dubai n\u00e4her zu sich zu holen.","og_url":"https:\/\/newdev9.accounted.ae\/de\/produkt\/visum-fuer-angehoerige\/","og_site_name":"Accounted AE","article_modified_time":"2024-07-24T11:46:12+00:00","og_image":[{"width":723,"height":789,"url":"https:\/\/newdev9.accounted.ae\/wp-content\/uploads\/2024\/01\/headway-5QgIuuBxKsvdwM-unsplash-1.webp","type":"image\/webp"}],"twitter_card":"summary_large_image","twitter_misc":{"Gesch\u00e4tzte Lesezeit":"1\u00a0Minute"},"schema":{"@context":"https:\/\/schema.org","@graph":[{"@type":"WebPage","@id":"https:\/\/newdev9.accounted.ae\/de\/produkt\/visum-fuer-angehoerige\/","url":"https:\/\/newdev9.accounted.ae\/de\/produkt\/visum-fuer-angehoerige\/","name":"Sorgen Sie mit einem abh\u00e4ngigen Visum f\u00fcr die Sicherheit Ihrer Familie in Dubai","isPartOf":{"@id":"https:\/\/newdev9.accounted.ae\/de\/#website"},"primaryImageOfPage":{"@id":"https:\/\/newdev9.accounted.ae\/de\/produkt\/visum-fuer-angehoerige\/#primaryimage"},"image":{"@id":"https:\/\/newdev9.accounted.ae\/de\/produkt\/visum-fuer-angehoerige\/#primaryimage"},"thumbnailUrl":"https:\/\/newdev9.accounted.ae\/wp-content\/uploads\/2024\/01\/headway-5QgIuuBxKsvdwM-unsplash-1.webp","datePublished":"2024-01-30T17:00:11+00:00","dateModified":"2024-07-24T11:46:12+00:00","description":"Unser Dependent Visa Service vereinfacht das Verfahren und macht es einfach und rechtskonform. Wir helfen Ihnen dabei, Ihre Lieben in Dubai n\u00e4her zu sich zu holen.","breadcrumb":{"@id":"https:\/\/newdev9.accounted.ae\/de\/produkt\/visum-fuer-angehoerige\/#breadcrumb"},"inLanguage":"de","potentialAction":[{"@type":"ReadAction","target":["https:\/\/newdev9.accounted.ae\/de\/produkt\/visum-fuer-angehoerige\/"]}]},{"@type":"ImageObject","inLanguage":"de","@id":"https:\/\/newdev9.accounted.ae\/de\/produkt\/visum-fuer-angehoerige\/#primaryimage","url":"https:\/\/newdev9.accounted.ae\/wp-content\/uploads\/2024\/01\/headway-5QgIuuBxKsvdwM-unsplash-1.webp","contentUrl":"https:\/\/newdev9.accounted.ae\/wp-content\/uploads\/2024\/01\/headway-5QgIuuBxKsvdwM-unsplash-1.webp","width":723,"height":789,"caption":"Visum f\u00fcr Angeh\u00f6rige"},{"@type":"BreadcrumbList","@id":"https:\/\/newdev9.accounted.ae\/de\/produkt\/visum-fuer-angehoerige\/#breadcrumb","itemListElement":[{"@type":"ListItem","position":1,"name":"Home","item":"https:\/\/newdev9.accounted.ae\/de\/"},{"@type":"ListItem","position":2,"name":"Shop","item":"https:\/\/newdev9.accounted.ae\/shop\/"},{"@type":"ListItem","position":3,"name":"Visum f\u00fcr Angeh\u00f6rige"}]},{"@type":"WebSite","@id":"https:\/\/newdev9.accounted.ae\/de\/#website","url":"https:\/\/newdev9.accounted.ae\/de\/","name":"Accounted AE","description":"","publisher":{"@id":"https:\/\/newdev9.accounted.ae\/de\/#organization"},"potentialAction":[{"@type":"SearchAction","target":{"@type":"EntryPoint","urlTemplate":"https:\/\/newdev9.accounted.ae\/de\/?s={search_term_string}"},"query-input":{"@type":"PropertyValueSpecification","valueRequired":true,"valueName":"search_term_string"}}],"inLanguage":"de"},{"@type":"Organization","@id":"https:\/\/newdev9.accounted.ae\/de\/#organization","name":"Accounted AE","url":"https:\/\/newdev9.accounted.ae\/de\/","logo":{"@type":"ImageObject","inLanguage":"de","@id":"https:\/\/newdev9.accounted.ae\/de\/#\/schema\/logo\/image\/","url":"https:\/\/newdev9.accounted.ae\/wp-content\/uploads\/2024\/02\/logo21.webp","contentUrl":"https:\/\/newdev9.accounted.ae\/wp-content\/uploads\/2024\/02\/logo21.webp","width":225,"height":30,"caption":"Accounted AE"},"image":{"@id":"https:\/\/newdev9.accounted.ae\/de\/#\/schema\/logo\/image\/"}}]}},"_links":{"self":[{"href":"https:\/\/newdev9.accounted.ae\/de\/wp-json\/wp\/v2\/product\/2791","targetHints":{"allow":["GET"]}}],"collection":[{"href":"https:\/\/newdev9.accounted.ae\/de\/wp-json\/wp\/v2\/product"}],"about":[{"href":"https:\/\/newdev9.accounted.ae\/de\/wp-json\/wp\/v2\/types\/product"}],"wp:featuredmedia":[{"embeddable":true,"href":"https:\/\/newdev9.accounted.ae\/de\/wp-json\/wp\/v2\/media\/2592"}],"wp:attachment":[{"href":"https:\/\/newdev9.accounted.ae\/de\/wp-json\/wp\/v2\/media?parent=2791"}],"wp:term":[{"taxonomy":"product_brand","embeddable":true,"href":"https:\/\/newdev9.accounted.ae\/de\/wp-json\/wp\/v2\/product_brand?post=2791"},{"taxonomy":"product_cat","embeddable":true,"href":"https:\/\/newdev9.accounted.ae\/de\/wp-json\/wp\/v2\/product_cat?post=2791"},{"taxonomy":"product_tag","embeddable":true,"href":"https:\/\/newdev9.accounted.ae\/de\/wp-json\/wp\/v2\/product_tag?post=2791"}],"curies":[{"name":"wp","href":"https:\/\/api.w.org\/{rel}","templated":true}]}}